{"id":1037,"date":"2020-08-24T17:47:28","date_gmt":"2020-08-24T17:47:28","guid":{"rendered":"https:\/\/maderokit.com\/?post_type=product&#038;p=1037"},"modified":"2025-03-10T15:14:28","modified_gmt":"2025-03-10T15:14:28","slug":"naravno-mandljevo-anticelulitno-olje","status":"publish","type":"product","link":"https:\/\/maderokit.com\/en\/product\/naravno-mandljevo-anticelulitno-olje\/","title":{"rendered":"Natural almond anti-cellulite oil"},"content":{"rendered":"<p><strong>100% naravno mandljevo olje, za negovanje ko\u017ee. Ko\u017eo nahrani, po\u017eivi ter navla\u017ei.<\/strong><\/p>\n<p>Ker se pri izvajanju maderoterapije ustvarja trenje, je potrebno ko\u017eo pred pri\u010detkom segreti in nanjo nanesti olje. Na\u0161e 100% naravno mandljevo olje se po\u010dasni vpijanj v ko\u017eo, \u0161\u010diti ob\u010dutljivo in suho ko\u017eo, jo neguje in ji daje pro\u017enost ter mehkobo.<\/p>\n<p>Poreklo: Italija<br \/>\nKoli\u010dina: 100ml<\/p>","protected":false},"excerpt":{"rendered":"<p>100% naravno mandljevo olje, za negovanje ko\u017ee. Ko\u017eo nahrani, po\u017eivi ter navla\u017ei.<\/p>","protected":false},"featured_media":1038,"comment_status":"open","ping_status":"closed","template":"","meta":[],"product_cat":[20,18],"product_tag":[],"class_list":{"0":"post-1037","1":"product","2":"type-product","3":"status-publish","4":"has-post-thumbnail","6":"product_cat-dodatno","7":"product_cat-trgovina","9":"first","10":"instock","11":"taxable","12":"shipping-taxable","13":"purchasable","14":"product-type-simple"},"acf":[],"yoast_head":"<!-- This site is optimized with the Yoast SEO plugin v23.3 - https:\/\/yoast.com\/wordpress\/plugins\/seo\/ -->\n<title>Naravno mandljevo anticelulitno olje - MaderoKit<\/title>\n<meta name=\"robots\" content=\"index, follow, max-snippet:-1, max-image-preview:large, max-video-preview:-1\" \/>\n<link rel=\"canonical\" href=\"https:\/\/maderokit.com\/en\/product\/naravno-mandljevo-anticelulitno-olje\/\" \/>\n<meta property=\"og:locale\" content=\"en_US\" \/>\n<meta property=\"og:type\" content=\"article\" \/>\n<meta property=\"og:title\" content=\"Naravno mandljevo anticelulitno olje - MaderoKit\" \/>\n<meta property=\"og:description\" content=\"100% naravno mandljevo olje, za negovanje ko\u017ee. Ko\u017eo nahrani, po\u017eivi ter navla\u017ei.\" \/>\n<meta property=\"og:url\" content=\"https:\/\/maderokit.com\/en\/product\/naravno-mandljevo-anticelulitno-olje\/\" \/>\n<meta property=\"og:site_name\" content=\"MaderoKit\" \/>\n<meta property=\"article:publisher\" content=\"https:\/\/www.facebook.com\/maderokit\" \/>\n<meta property=\"article:modified_time\" content=\"2025-03-10T15:14:28+00:00\" \/>\n<meta property=\"og:image\" content=\"https:\/\/maderokit.com\/wp-content\/uploads\/2020\/08\/anticelulitno-olje.jpg\" \/>\n\t<meta property=\"og:image:width\" content=\"600\" \/>\n\t<meta property=\"og:image:height\" content=\"600\" \/>\n\t<meta property=\"og:image:type\" content=\"image\/jpeg\" \/>\n<meta name=\"twitter:card\" content=\"summary_large_image\" \/>\n<meta name=\"twitter:label1\" content=\"Est. reading time\" \/>\n\t<meta name=\"twitter:data1\" content=\"1 minute\" \/>\n<script type=\"application\/ld+json\" class=\"yoast-schema-graph\">{\"@context\":\"https:\/\/schema.org\",\"@graph\":[{\"@type\":\"WebPage\",\"@id\":\"https:\/\/maderokit.com\/izdelek\/naravno-mandljevo-anticelulitno-olje\/\",\"url\":\"https:\/\/maderokit.com\/izdelek\/naravno-mandljevo-anticelulitno-olje\/\",\"name\":\"Naravno mandljevo anticelulitno olje - MaderoKit\",\"isPartOf\":{\"@id\":\"https:\/\/maderokit.com\/#website\"},\"primaryImageOfPage\":{\"@id\":\"https:\/\/maderokit.com\/izdelek\/naravno-mandljevo-anticelulitno-olje\/#primaryimage\"},\"image\":{\"@id\":\"https:\/\/maderokit.com\/izdelek\/naravno-mandljevo-anticelulitno-olje\/#primaryimage\"},\"thumbnailUrl\":\"https:\/\/maderokit.com\/wp-content\/uploads\/2020\/08\/anticelulitno-olje.jpg\",\"datePublished\":\"2020-08-24T17:47:28+00:00\",\"dateModified\":\"2025-03-10T15:14:28+00:00\",\"breadcrumb\":{\"@id\":\"https:\/\/maderokit.com\/izdelek\/naravno-mandljevo-anticelulitno-olje\/#breadcrumb\"},\"inLanguage\":\"en-US\",\"potentialAction\":[{\"@type\":\"ReadAction\",\"target\":[\"https:\/\/maderokit.com\/izdelek\/naravno-mandljevo-anticelulitno-olje\/\"]}]},{\"@type\":\"ImageObject\",\"inLanguage\":\"en-US\",\"@id\":\"https:\/\/maderokit.com\/izdelek\/naravno-mandljevo-anticelulitno-olje\/#primaryimage\",\"url\":\"https:\/\/maderokit.com\/wp-content\/uploads\/2020\/08\/anticelulitno-olje.jpg\",\"contentUrl\":\"https:\/\/maderokit.com\/wp-content\/uploads\/2020\/08\/anticelulitno-olje.jpg\",\"width\":600,\"height\":600},{\"@type\":\"BreadcrumbList\",\"@id\":\"https:\/\/maderokit.com\/izdelek\/naravno-mandljevo-anticelulitno-olje\/#breadcrumb\",\"itemListElement\":[{\"@type\":\"ListItem\",\"position\":1,\"name\":\"Home\",\"item\":\"https:\/\/maderokit.com\/\"},{\"@type\":\"ListItem\",\"position\":2,\"name\":\"Izdelki\",\"item\":\"https:\/\/maderokit.com\/shop\/\"},{\"@type\":\"ListItem\",\"position\":3,\"name\":\"Naravno mandljevo anticelulitno olje\"}]},{\"@type\":\"WebSite\",\"@id\":\"https:\/\/maderokit.com\/#website\",\"url\":\"https:\/\/maderokit.com\/\",\"name\":\"MaderoKit\",\"description\":\"Maderoterapija kar od doma\",\"publisher\":{\"@id\":\"https:\/\/maderokit.com\/#organization\"},\"potentialAction\":[{\"@type\":\"SearchAction\",\"target\":{\"@type\":\"EntryPoint\",\"urlTemplate\":\"https:\/\/maderokit.com\/?s={search_term_string}\"},\"query-input\":\"required name=search_term_string\"}],\"inLanguage\":\"en-US\"},{\"@type\":\"Organization\",\"@id\":\"https:\/\/maderokit.com\/#organization\",\"name\":\"KULER d.o.o.\",\"url\":\"https:\/\/maderokit.com\/\",\"logo\":{\"@type\":\"ImageObject\",\"inLanguage\":\"en-US\",\"@id\":\"https:\/\/maderokit.com\/#\/schema\/logo\/image\/\",\"url\":\"https:\/\/maderokit.com\/wp-content\/uploads\/2021\/10\/maderokit-newv3logo.png\",\"contentUrl\":\"https:\/\/maderokit.com\/wp-content\/uploads\/2021\/10\/maderokit-newv3logo.png\",\"width\":168,\"height\":40,\"caption\":\"KULER d.o.o.\"},\"image\":{\"@id\":\"https:\/\/maderokit.com\/#\/schema\/logo\/image\/\"},\"sameAs\":[\"https:\/\/www.facebook.com\/maderokit\",\"https:\/\/www.instagram.com\/maderokit\/\"]}]}<\/script>\n<!-- \/ Yoast SEO plugin. -->","yoast_head_json":{"title":"Naravno mandljevo anticelulitno olje - MaderoKit","robots":{"index":"index","follow":"follow","max-snippet":"max-snippet:-1","max-image-preview":"max-image-preview:large","max-video-preview":"max-video-preview:-1"},"canonical":"https:\/\/maderokit.com\/en\/product\/naravno-mandljevo-anticelulitno-olje\/","og_locale":"en_US","og_type":"article","og_title":"Naravno mandljevo anticelulitno olje - MaderoKit","og_description":"100% naravno mandljevo olje, za negovanje ko\u017ee. Ko\u017eo nahrani, po\u017eivi ter navla\u017ei.","og_url":"https:\/\/maderokit.com\/en\/product\/naravno-mandljevo-anticelulitno-olje\/","og_site_name":"MaderoKit","article_publisher":"https:\/\/www.facebook.com\/maderokit","article_modified_time":"2025-03-10T15:14:28+00:00","og_image":[{"width":600,"height":600,"url":"https:\/\/maderokit.com\/wp-content\/uploads\/2020\/08\/anticelulitno-olje.jpg","type":"image\/jpeg"}],"twitter_card":"summary_large_image","twitter_misc":{"Est. reading time":"1 minute"},"schema":{"@context":"https:\/\/schema.org","@graph":[{"@type":"WebPage","@id":"https:\/\/maderokit.com\/izdelek\/naravno-mandljevo-anticelulitno-olje\/","url":"https:\/\/maderokit.com\/izdelek\/naravno-mandljevo-anticelulitno-olje\/","name":"Naravno mandljevo anticelulitno olje - MaderoKit","isPartOf":{"@id":"https:\/\/maderokit.com\/#website"},"primaryImageOfPage":{"@id":"https:\/\/maderokit.com\/izdelek\/naravno-mandljevo-anticelulitno-olje\/#primaryimage"},"image":{"@id":"https:\/\/maderokit.com\/izdelek\/naravno-mandljevo-anticelulitno-olje\/#primaryimage"},"thumbnailUrl":"https:\/\/maderokit.com\/wp-content\/uploads\/2020\/08\/anticelulitno-olje.jpg","datePublished":"2020-08-24T17:47:28+00:00","dateModified":"2025-03-10T15:14:28+00:00","breadcrumb":{"@id":"https:\/\/maderokit.com\/izdelek\/naravno-mandljevo-anticelulitno-olje\/#breadcrumb"},"inLanguage":"en-US","potentialAction":[{"@type":"ReadAction","target":["https:\/\/maderokit.com\/izdelek\/naravno-mandljevo-anticelulitno-olje\/"]}]},{"@type":"ImageObject","inLanguage":"en-US","@id":"https:\/\/maderokit.com\/izdelek\/naravno-mandljevo-anticelulitno-olje\/#primaryimage","url":"https:\/\/maderokit.com\/wp-content\/uploads\/2020\/08\/anticelulitno-olje.jpg","contentUrl":"https:\/\/maderokit.com\/wp-content\/uploads\/2020\/08\/anticelulitno-olje.jpg","width":600,"height":600},{"@type":"BreadcrumbList","@id":"https:\/\/maderokit.com\/izdelek\/naravno-mandljevo-anticelulitno-olje\/#breadcrumb","itemListElement":[{"@type":"ListItem","position":1,"name":"Home","item":"https:\/\/maderokit.com\/"},{"@type":"ListItem","position":2,"name":"Izdelki","item":"https:\/\/maderokit.com\/shop\/"},{"@type":"ListItem","position":3,"name":"Naravno mandljevo anticelulitno olje"}]},{"@type":"WebSite","@id":"https:\/\/maderokit.com\/#website","url":"https:\/\/maderokit.com\/","name":"MaderoKit","description":"Maderoterapija kar od doma","publisher":{"@id":"https:\/\/maderokit.com\/#organization"},"potentialAction":[{"@type":"SearchAction","target":{"@type":"EntryPoint","urlTemplate":"https:\/\/maderokit.com\/?s={search_term_string}"},"query-input":"required name=search_term_string"}],"inLanguage":"en-US"},{"@type":"Organization","@id":"https:\/\/maderokit.com\/#organization","name":"KULER d.o.o.","url":"https:\/\/maderokit.com\/","logo":{"@type":"ImageObject","inLanguage":"en-US","@id":"https:\/\/maderokit.com\/#\/schema\/logo\/image\/","url":"https:\/\/maderokit.com\/wp-content\/uploads\/2021\/10\/maderokit-newv3logo.png","contentUrl":"https:\/\/maderokit.com\/wp-content\/uploads\/2021\/10\/maderokit-newv3logo.png","width":168,"height":40,"caption":"KULER d.o.o."},"image":{"@id":"https:\/\/maderokit.com\/#\/schema\/logo\/image\/"},"sameAs":["https:\/\/www.facebook.com\/maderokit","https:\/\/www.instagram.com\/maderokit\/"]}]}},"_links":{"self":[{"href":"https:\/\/maderokit.com\/en\/wp-json\/wp\/v2\/product\/1037"}],"collection":[{"href":"https:\/\/maderokit.com\/en\/wp-json\/wp\/v2\/product"}],"about":[{"href":"https:\/\/maderokit.com\/en\/wp-json\/wp\/v2\/types\/product"}],"replies":[{"embeddable":true,"href":"https:\/\/maderokit.com\/en\/wp-json\/wp\/v2\/comments?post=1037"}],"version-history":[{"count":1,"href":"https:\/\/maderokit.com\/en\/wp-json\/wp\/v2\/product\/1037\/revisions"}],"predecessor-version":[{"id":4852,"href":"https:\/\/maderokit.com\/en\/wp-json\/wp\/v2\/product\/1037\/revisions\/4852"}],"wp:featuredmedia":[{"embeddable":true,"href":"https:\/\/maderokit.com\/en\/wp-json\/wp\/v2\/media\/1038"}],"wp:attachment":[{"href":"https:\/\/maderokit.com\/en\/wp-json\/wp\/v2\/media?parent=1037"}],"wp:term":[{"taxonomy":"product_cat","embeddable":true,"href":"https:\/\/maderokit.com\/en\/wp-json\/wp\/v2\/product_cat?post=1037"},{"taxonomy":"product_tag","embeddable":true,"href":"https:\/\/maderokit.com\/en\/wp-json\/wp\/v2\/product_tag?post=1037"}],"curies":[{"name":"wp","href":"https:\/\/api.w.org\/{rel}","templated":true}]}}