{"id":2271,"date":"2019-10-31T16:45:31","date_gmt":"2019-10-31T16:45:31","guid":{"rendered":"https:\/\/maderokit.com\/?post_type=product&#038;p=2271"},"modified":"2025-03-10T15:02:02","modified_gmt":"2025-03-10T15:02:02","slug":"wrap-it-glinena-obloga-za-stegna","status":"publish","type":"product","link":"https:\/\/maderokit.com\/hr\/proizvod\/zamotajte-ga-glinenim-oblogom-za-bedra\/","title":{"rendered":"WRAP IT glinena obloga za bedra"},"content":{"rendered":"<p class=\"p1\">Glina je u\u010dinkovit proizvod za njegu ko\u017ee i djeluje protiv opu\u0161tene ko\u017ee jer sadr\u017ei <strong>mnogo korisnih minerala<\/strong>, poput silicija, \u017eeljeza, magnezija, natrija i kalcija. Celulit je \u010desto posljedica kiselosti organizma, a glinenim oblozima na bedrima glina upija mnoge \u0161tetne toksine i prljav\u0161tinu \u2013 \u010dime se osigurava <strong>izlu\u010divanje otrovnih tvari<\/strong> i <strong>vi\u0161ak vode<\/strong>, uz osiguravanje <strong>ljep\u0161e<\/strong> i <strong>napetiji<\/strong> izgled ko\u017ee.<\/p>\n<p>Tretmane obloga glinom ve\u0107 dugi niz godina provode razni saloni, \u0161to se i dokazalo <strong>izuzetno u\u010dinkovit<\/strong>, a cijena takvog ma\u017eenja kre\u0107e se izme\u0111u 40 i 60 eura po posjeti.<\/p>\n<figure id=\"attachment_2456\" aria-describedby=\"caption-attachment-2456\" style=\"width: 600px\" class=\"wp-caption aligncenter\"><img fetchpriority=\"high\" decoding=\"async\" class=\"wp-image-2456 size-full\" src=\"https:\/\/maderokit.com\/wp-content\/uploads\/2019\/10\/glinena-obloga-salon.png\" alt=\"\" width=\"600\" height=\"400\" srcset=\"https:\/\/maderokit.com\/wp-content\/uploads\/2019\/10\/glinena-obloga-salon.png 600w, https:\/\/maderokit.com\/wp-content\/uploads\/2019\/10\/glinena-obloga-salon-300x200.png 300w, https:\/\/maderokit.com\/wp-content\/uploads\/2019\/10\/glinena-obloga-salon-150x100.png 150w, https:\/\/maderokit.com\/wp-content\/uploads\/2019\/10\/glinena-obloga-salon-272x182.png 272w\" sizes=\"(max-width: 600px) 100vw, 600px\" \/><figcaption id=\"caption-attachment-2456\" class=\"wp-caption-text\">Tretman obloga glinom u salonu.<\/figcaption><\/figure>\n<p>&nbsp;<\/p>\n<blockquote><p><span style=\"color: #ea3387;\"><strong>Kako ga koristimo?<\/strong><\/span><\/p>\n<p>Glina je 100% prirodna, bez obrade i konzervansa. 50-80 grama gline u omjeru 1:2 prelijte mlakom vodom i ostavite da odstoji da glina upije teku\u0107inu - va\u017eno je ne mije\u0161ati to dvoje! Pripremljeni glineni oblog zatim se u tankom sloju nanosi na podru\u010dja s celulitom ili na bedrima te se to mjesto omota vatom ili kuhinjskom folijom. Ostavite tretman 20 do 40 minuta.<\/p>\n<p>&nbsp;<\/p>\n<p>Nakon zavr\u0161enog tretmana oblog se uklanja. Budu\u0107i da je glina na sebe vezala sve toksine i drugu prljav\u0161tinu, bacamo je u sme\u0107e. Zatim usko\u010dite pod tu\u0161 i temeljito se operite. \ud83d\ude42<\/p>\n<p>Ovakvo ma\u017eenje priu\u0161timo si jednom tjedno, a razlika na ko\u017ei po\u010dinje se pojavljivati nakon pet tretmana.<\/p>\n<p>&nbsp;<\/p>\n<p><em><strong>SAVJET<\/strong>: U sam oblog od gline mo\u017eete dodati i neka eteri\u010dna ulja ili za\u010dine (kava, \u0111umbir, cimet, lavanda i sl.).<\/em><\/p><\/blockquote>\n<p>&nbsp;<\/p>\n<p>Oblozi od gline stoga su izvrsni tretmani za njegu ko\u017ee i <strong>smanjenje &quot;naran\u010dine ko\u017ee&quot;<\/strong> odnosno celulita. Me\u0111utim, va\u017eno je shvatiti da se glinenim oblozima ne mo\u017ee rije\u0161iti celulita. Prehrana i na\u010din \u017eivota tu jo\u0161 uvijek imaju veliki utjecaj, ali naju\u010dinkovitiji je <a title=\"MaderoKit \u2013 U\u010dinkovit protiv celulita (komplet za maderoterapiju)\" href=\"https:\/\/maderokit.com\/hr\/maderokit2\/\">anticelulitna masa\u017ea<\/a>. Glineni oblozi mogu ubrzati proces uklanjanja celulita jer, kao \u0161to je ve\u0107 spomenuto, na sebe ve\u017eu \u0161tetne toksine, a glina \u0107e zbog svojih korisnih minerala stvoriti za\u0161titnu barijeru na ko\u017ei. <strong>zdrav izgled<\/strong> i <strong>sjaj<\/strong>, da <strong>toniran<\/strong> i <strong>poti\u010de obnovu stanica ko\u017ee<\/strong>.<\/p>\n<p><strong>Prisjetimo se<\/strong> \u2013 bez obzira na va\u0161 tip tijela, ko\u017ea \u0107e uvijek biti lijepa i njegovana <strong>zasjenio sve nedostatke<\/strong>. Naime, koliko god va\u0161a zadnjica i bedra bili lijepi i \u010dvrsti, oni se nikada ne\u0107e mo\u0107i pohvaliti ako vam je ko\u017ea prljava, s mrljama i suha.<\/p>\n<p>&nbsp;<\/p>\n<p><strong>TE\u017dINA<\/strong>: 500g (za 8-10 tretmana) + POKLON: 1x Pamu\u010dna obloga<\/p>\n<p class=\"p1\"><strong>SASTOJCI<\/strong>: Siva glina<\/p>\n<p><strong>UPOZORENJE<\/strong>: Nije prikladno za oralnu primjenu.<\/p>","protected":false},"excerpt":{"rendered":"<p>Detoksikacija i ma\u017eenje u jednom! Glineni oblog za bedra zate\u017ee, tonizira, \u010disti ko\u017eu i poti\u010de obnovu stanica ko\u017ee.<span class=\"Apple-converted-space\">\u00a0<\/span><\/p>\n<p><strong>DAR<\/strong>: Pamu\u010dna obloga za podstavu.<\/p>\n<p>&nbsp;<\/p>","protected":false},"featured_media":2453,"comment_status":"open","ping_status":"closed","template":"","meta":[],"product_cat":[20],"product_tag":[],"class_list":{"0":"post-2271","1":"product","2":"type-product","3":"status-publish","4":"has-post-thumbnail","6":"product_cat-dodatno","8":"first","9":"instock","10":"taxable","11":"shipping-taxable","12":"purchasable","13":"product-type-simple"},"acf":[],"yoast_head":"<!-- This site is optimized with the Yoast SEO plugin v23.3 - https:\/\/yoast.com\/wordpress\/plugins\/seo\/ -->\n<title>WRAP IT glinena obloga za stegna - MaderoKit<\/title>\n<meta name=\"robots\" content=\"index, follow, max-snippet:-1, max-image-preview:large, max-video-preview:-1\" \/>\n<link rel=\"canonical\" href=\"https:\/\/maderokit.com\/hr\/proizvod\/zamotajte-ga-glinenim-oblogom-za-bedra\/\" \/>\n<meta property=\"og:locale\" content=\"hr_HR\" \/>\n<meta property=\"og:type\" content=\"article\" \/>\n<meta property=\"og:title\" content=\"WRAP IT glinena obloga za stegna - MaderoKit\" \/>\n<meta property=\"og:description\" content=\"Razstrupljanje in razvajanje v enem! Glinena obloga za stegna ko\u017eo napne, tonizira, o\u010disti ter spodbuja obnavljanje ko\u017enih celic.\u00a0  DARILO: Bomba\u017eni ovoj za oblogo.  &nbsp;\" \/>\n<meta property=\"og:url\" content=\"https:\/\/maderokit.com\/hr\/proizvod\/zamotajte-ga-glinenim-oblogom-za-bedra\/\" \/>\n<meta property=\"og:site_name\" content=\"MaderoKit\" \/>\n<meta property=\"article:publisher\" content=\"https:\/\/www.facebook.com\/maderokit\" \/>\n<meta property=\"article:modified_time\" content=\"2025-03-10T15:02:02+00:00\" \/>\n<meta property=\"og:image\" content=\"https:\/\/maderokit.com\/wp-content\/uploads\/2019\/10\/glinena-obloga-WRAP-IT-maderokit.png\" \/>\n\t<meta property=\"og:image:width\" content=\"1800\" \/>\n\t<meta property=\"og:image:height\" content=\"1800\" \/>\n\t<meta property=\"og:image:type\" content=\"image\/png\" \/>\n<meta name=\"twitter:card\" content=\"summary_large_image\" \/>\n<meta name=\"twitter:label1\" content=\"Procijenjeno vrijeme \u010ditanja\" \/>\n\t<meta name=\"twitter:data1\" content=\"2 minute\" \/>\n<script type=\"application\/ld+json\" class=\"yoast-schema-graph\">{\"@context\":\"https:\/\/schema.org\",\"@graph\":[{\"@type\":\"WebPage\",\"@id\":\"https:\/\/maderokit.com\/izdelek\/wrap-it-glinena-obloga-za-stegna\/\",\"url\":\"https:\/\/maderokit.com\/izdelek\/wrap-it-glinena-obloga-za-stegna\/\",\"name\":\"WRAP IT glinena obloga za stegna - MaderoKit\",\"isPartOf\":{\"@id\":\"https:\/\/maderokit.com\/#website\"},\"primaryImageOfPage\":{\"@id\":\"https:\/\/maderokit.com\/izdelek\/wrap-it-glinena-obloga-za-stegna\/#primaryimage\"},\"image\":{\"@id\":\"https:\/\/maderokit.com\/izdelek\/wrap-it-glinena-obloga-za-stegna\/#primaryimage\"},\"thumbnailUrl\":\"https:\/\/maderokit.com\/wp-content\/uploads\/2019\/10\/glinena-obloga-WRAP-IT-maderokit.png\",\"datePublished\":\"2019-10-31T16:45:31+00:00\",\"dateModified\":\"2025-03-10T15:02:02+00:00\",\"breadcrumb\":{\"@id\":\"https:\/\/maderokit.com\/izdelek\/wrap-it-glinena-obloga-za-stegna\/#breadcrumb\"},\"inLanguage\":\"hr\",\"potentialAction\":[{\"@type\":\"ReadAction\",\"target\":[\"https:\/\/maderokit.com\/izdelek\/wrap-it-glinena-obloga-za-stegna\/\"]}]},{\"@type\":\"ImageObject\",\"inLanguage\":\"hr\",\"@id\":\"https:\/\/maderokit.com\/izdelek\/wrap-it-glinena-obloga-za-stegna\/#primaryimage\",\"url\":\"https:\/\/maderokit.com\/wp-content\/uploads\/2019\/10\/glinena-obloga-WRAP-IT-maderokit.png\",\"contentUrl\":\"https:\/\/maderokit.com\/wp-content\/uploads\/2019\/10\/glinena-obloga-WRAP-IT-maderokit.png\",\"width\":1800,\"height\":1800},{\"@type\":\"BreadcrumbList\",\"@id\":\"https:\/\/maderokit.com\/izdelek\/wrap-it-glinena-obloga-za-stegna\/#breadcrumb\",\"itemListElement\":[{\"@type\":\"ListItem\",\"position\":1,\"name\":\"Home\",\"item\":\"https:\/\/maderokit.com\/\"},{\"@type\":\"ListItem\",\"position\":2,\"name\":\"Izdelki\",\"item\":\"https:\/\/maderokit.com\/shop\/\"},{\"@type\":\"ListItem\",\"position\":3,\"name\":\"WRAP IT glinena obloga za stegna\"}]},{\"@type\":\"WebSite\",\"@id\":\"https:\/\/maderokit.com\/#website\",\"url\":\"https:\/\/maderokit.com\/\",\"name\":\"MaderoKit\",\"description\":\"Maderoterapija kar od doma\",\"publisher\":{\"@id\":\"https:\/\/maderokit.com\/#organization\"},\"potentialAction\":[{\"@type\":\"SearchAction\",\"target\":{\"@type\":\"EntryPoint\",\"urlTemplate\":\"https:\/\/maderokit.com\/?s={search_term_string}\"},\"query-input\":\"required name=search_term_string\"}],\"inLanguage\":\"hr\"},{\"@type\":\"Organization\",\"@id\":\"https:\/\/maderokit.com\/#organization\",\"name\":\"KULER d.o.o.\",\"url\":\"https:\/\/maderokit.com\/\",\"logo\":{\"@type\":\"ImageObject\",\"inLanguage\":\"hr\",\"@id\":\"https:\/\/maderokit.com\/#\/schema\/logo\/image\/\",\"url\":\"https:\/\/maderokit.com\/wp-content\/uploads\/2021\/10\/maderokit-newv3logo.png\",\"contentUrl\":\"https:\/\/maderokit.com\/wp-content\/uploads\/2021\/10\/maderokit-newv3logo.png\",\"width\":168,\"height\":40,\"caption\":\"KULER d.o.o.\"},\"image\":{\"@id\":\"https:\/\/maderokit.com\/#\/schema\/logo\/image\/\"},\"sameAs\":[\"https:\/\/www.facebook.com\/maderokit\",\"https:\/\/www.instagram.com\/maderokit\/\"]}]}<\/script>\n<!-- \/ Yoast SEO plugin. -->","yoast_head_json":{"title":"WRAP IT glinena obloga za stegna - MaderoKit","robots":{"index":"index","follow":"follow","max-snippet":"max-snippet:-1","max-image-preview":"max-image-preview:large","max-video-preview":"max-video-preview:-1"},"canonical":"https:\/\/maderokit.com\/hr\/proizvod\/zamotajte-ga-glinenim-oblogom-za-bedra\/","og_locale":"hr_HR","og_type":"article","og_title":"WRAP IT glinena obloga za stegna - MaderoKit","og_description":"Razstrupljanje in razvajanje v enem! Glinena obloga za stegna ko\u017eo napne, tonizira, o\u010disti ter spodbuja obnavljanje ko\u017enih celic.\u00a0  DARILO: Bomba\u017eni ovoj za oblogo.  &nbsp;","og_url":"https:\/\/maderokit.com\/hr\/proizvod\/zamotajte-ga-glinenim-oblogom-za-bedra\/","og_site_name":"MaderoKit","article_publisher":"https:\/\/www.facebook.com\/maderokit","article_modified_time":"2025-03-10T15:02:02+00:00","og_image":[{"width":1800,"height":1800,"url":"https:\/\/maderokit.com\/wp-content\/uploads\/2019\/10\/glinena-obloga-WRAP-IT-maderokit.png","type":"image\/png"}],"twitter_card":"summary_large_image","twitter_misc":{"Procijenjeno vrijeme \u010ditanja":"2 minute"},"schema":{"@context":"https:\/\/schema.org","@graph":[{"@type":"WebPage","@id":"https:\/\/maderokit.com\/izdelek\/wrap-it-glinena-obloga-za-stegna\/","url":"https:\/\/maderokit.com\/izdelek\/wrap-it-glinena-obloga-za-stegna\/","name":"WRAP IT glinena obloga za stegna - MaderoKit","isPartOf":{"@id":"https:\/\/maderokit.com\/#website"},"primaryImageOfPage":{"@id":"https:\/\/maderokit.com\/izdelek\/wrap-it-glinena-obloga-za-stegna\/#primaryimage"},"image":{"@id":"https:\/\/maderokit.com\/izdelek\/wrap-it-glinena-obloga-za-stegna\/#primaryimage"},"thumbnailUrl":"https:\/\/maderokit.com\/wp-content\/uploads\/2019\/10\/glinena-obloga-WRAP-IT-maderokit.png","datePublished":"2019-10-31T16:45:31+00:00","dateModified":"2025-03-10T15:02:02+00:00","breadcrumb":{"@id":"https:\/\/maderokit.com\/izdelek\/wrap-it-glinena-obloga-za-stegna\/#breadcrumb"},"inLanguage":"hr","potentialAction":[{"@type":"ReadAction","target":["https:\/\/maderokit.com\/izdelek\/wrap-it-glinena-obloga-za-stegna\/"]}]},{"@type":"ImageObject","inLanguage":"hr","@id":"https:\/\/maderokit.com\/izdelek\/wrap-it-glinena-obloga-za-stegna\/#primaryimage","url":"https:\/\/maderokit.com\/wp-content\/uploads\/2019\/10\/glinena-obloga-WRAP-IT-maderokit.png","contentUrl":"https:\/\/maderokit.com\/wp-content\/uploads\/2019\/10\/glinena-obloga-WRAP-IT-maderokit.png","width":1800,"height":1800},{"@type":"BreadcrumbList","@id":"https:\/\/maderokit.com\/izdelek\/wrap-it-glinena-obloga-za-stegna\/#breadcrumb","itemListElement":[{"@type":"ListItem","position":1,"name":"Home","item":"https:\/\/maderokit.com\/"},{"@type":"ListItem","position":2,"name":"Izdelki","item":"https:\/\/maderokit.com\/shop\/"},{"@type":"ListItem","position":3,"name":"WRAP IT glinena obloga za stegna"}]},{"@type":"WebSite","@id":"https:\/\/maderokit.com\/#website","url":"https:\/\/maderokit.com\/","name":"MaderoKit","description":"Maderoterapija kar od doma","publisher":{"@id":"https:\/\/maderokit.com\/#organization"},"potentialAction":[{"@type":"SearchAction","target":{"@type":"EntryPoint","urlTemplate":"https:\/\/maderokit.com\/?s={search_term_string}"},"query-input":"required name=search_term_string"}],"inLanguage":"hr"},{"@type":"Organization","@id":"https:\/\/maderokit.com\/#organization","name":"KULER d.o.o.","url":"https:\/\/maderokit.com\/","logo":{"@type":"ImageObject","inLanguage":"hr","@id":"https:\/\/maderokit.com\/#\/schema\/logo\/image\/","url":"https:\/\/maderokit.com\/wp-content\/uploads\/2021\/10\/maderokit-newv3logo.png","contentUrl":"https:\/\/maderokit.com\/wp-content\/uploads\/2021\/10\/maderokit-newv3logo.png","width":168,"height":40,"caption":"KULER d.o.o."},"image":{"@id":"https:\/\/maderokit.com\/#\/schema\/logo\/image\/"},"sameAs":["https:\/\/www.facebook.com\/maderokit","https:\/\/www.instagram.com\/maderokit\/"]}]}},"_links":{"self":[{"href":"https:\/\/maderokit.com\/hr\/wp-json\/wp\/v2\/product\/2271"}],"collection":[{"href":"https:\/\/maderokit.com\/hr\/wp-json\/wp\/v2\/product"}],"about":[{"href":"https:\/\/maderokit.com\/hr\/wp-json\/wp\/v2\/types\/product"}],"replies":[{"embeddable":true,"href":"https:\/\/maderokit.com\/hr\/wp-json\/wp\/v2\/comments?post=2271"}],"version-history":[{"count":7,"href":"https:\/\/maderokit.com\/hr\/wp-json\/wp\/v2\/product\/2271\/revisions"}],"predecessor-version":[{"id":4855,"href":"https:\/\/maderokit.com\/hr\/wp-json\/wp\/v2\/product\/2271\/revisions\/4855"}],"wp:featuredmedia":[{"embeddable":true,"href":"https:\/\/maderokit.com\/hr\/wp-json\/wp\/v2\/media\/2453"}],"wp:attachment":[{"href":"https:\/\/maderokit.com\/hr\/wp-json\/wp\/v2\/media?parent=2271"}],"wp:term":[{"taxonomy":"product_cat","embeddable":true,"href":"https:\/\/maderokit.com\/hr\/wp-json\/wp\/v2\/product_cat?post=2271"},{"taxonomy":"product_tag","embeddable":true,"href":"https:\/\/maderokit.com\/hr\/wp-json\/wp\/v2\/product_tag?post=2271"}],"curies":[{"name":"wp","href":"https:\/\/api.w.org\/{rel}","templated":true}]}}