{"id":2618,"date":"2022-02-25T22:14:51","date_gmt":"2022-02-25T22:14:51","guid":{"rendered":"https:\/\/maderokit.com\/?post_type=product&#038;p=2618"},"modified":"2025-03-10T15:07:57","modified_gmt":"2025-03-10T15:07:57","slug":"krtaca-za-suho-krtacenje-telesa","status":"publish","type":"product","link":"https:\/\/maderokit.com\/hr\/proizvod\/krtaca-za-suho-krtacenje-telesa\/","title":{"rendered":"Suha \u010detka za tijelo (uklonjiva ru\u010dka)"},"content":{"rendered":"<p>Suho krta\u010denje telesa ima <strong>mnogo prednosti<\/strong>, saj pospe\u0161imo prekrvavitev, izbolj\u0161amo na\u0161 limfni in \u017eiv\u010dni sistem ter <strong>odstranimo odmrlo ko\u017eo<\/strong>. Na dolgi rok ob redni uporabi torej na\u0161a ko\u017ea postane <strong>mehkej\u0161a<\/strong>, <strong>bolj \u010dvrsta<\/strong>, <strong>sijo\u010da<\/strong> i <strong>gladka<\/strong>.<\/p>\n<p>Popolnoma razumljivo je, da ko\u017ea, ki je polna odmrlih celic in toksinov <strong>ne more sijati<\/strong> in opravljati svoje funkcije v celoti. Lahko pa ji popolnoma na naraven na\u010din, brez posebnih dodatkov <strong>pomagamo z ne\u017enim \u0161\u010detkanjem telesa<\/strong> vsak ali vsak drugi dan. Tako bomo ko\u017eo razbremenili, iz povr\u0161ja odstranili odmrlo ko\u017eo oziroma celice ter naredili prostor, da se na povr\u0161ju <strong>hitreje ustvarijo nove<\/strong>, <strong>sve\u017ee<\/strong> i <strong>zdrave celice<\/strong>.<\/p>\n<p>&nbsp;<\/p>\n<p>O pozitivnih u\u010dinkih suhega krta\u010denja so poro\u010dali \u017ee <strong>mnogi strokovnjaki<\/strong>, kot je recimo <strong>Dr. Oz<\/strong>.<\/p>\n<div class=\"video-container\"><iframe src=\"https:\/\/player.vimeo.com\/video\/682080521?dnt=1&amp;app_id=122963\" width=\"1170\" height=\"658\" frameborder=\"0\" allow=\"autoplay; fullscreen; picture-in-picture; clipboard-write; encrypted-media\"><\/iframe><\/div>\n<p>&nbsp;<\/p>\n<p><strong>Kako poteka suho krta\u010denje?<\/strong><\/p>\n<p>MaderoKit krta\u010da za suho krta\u010denje se lahko uporablja <strong>z ro\u010dajem<\/strong> ili <strong>brez<\/strong>. Priporo\u010damo, da preizkusite kaj vam najbolj ustreza.<\/p>\n<p>Suho krta\u010denje izvajajte v kopalnici, saj boste tako najla\u017eje o\u010distili odmrlo ko\u017eo, ki bo odpadla med suhim krta\u010denjem.<\/p>\n<p>Krta\u010diti se za\u010dnemo pri stopalih in nadaljujemo po nogah navzgor. Krta\u010do vedno vle\u010demo <strong>v smeri proti srcu<\/strong> &#8211;\u00a0 v smeri limfe, enako kot pri maderoterapiji, potegi s \u0161\u010detko so <strong>dolgi<\/strong> i <strong>enakomerni<\/strong>. Enak postopek nato ponovite na <strong>rokah<\/strong>\u00a0 (od dlani navzgor), <strong>hrbtu<\/strong> (od vratu navzdol), ter na <strong>predelu trebuha<\/strong> (kjer pa kro\u017ene gibe delamo v smeri urinega kazalca).<\/p>\n<p>Krta\u010denje poteka po\u010dasi, na suhi ko\u017ei, najbolje zjutraj ali zve\u010der pred prhanjem. Pri \u0161\u010detkanju <strong>bodite ne\u017eni<\/strong> in na za\u010detku <strong>\u0161\u010detkajte z blagim pritiskom<\/strong>. Ko\u017ea vas ne sme boleti ali postati zelo rde\u010da, \u010deprav je <strong>rahla rde\u010dica normalna<\/strong>.<\/p>\n<p>Krta\u010denje celega telesa vzame cca <strong>3 do 5 minut<\/strong> in nikar ne pretiravajte ali hitite.<\/p>\n<p>Krta\u010do oziroma \u0161\u010detine po vsakem krta\u010denju umijemo pod toplo vodo. Pri negi pazimo, da lesenega dela ne zmo\u010dimo preve\u010d.<\/p>\n<p>Za predele, kot so obraz, dekolte, vrat, prsi pa priporo\u010damo <strong>uporabo ne\u017enej\u0161e krta\u010de<\/strong>.<\/p>\n<p>&nbsp;<\/p>\n<p><strong>Prednosti suhega krta\u010denja<\/strong><\/p>\n<ul>\n<li>Pospe\u0161i izlo\u010danje toksinov &#8211; razstruplja telo<\/li>\n<li>Izbolj\u0161a cirkulacijo telesa<\/li>\n<li>Odstranjuje odmrlo ko\u017eo<\/li>\n<li>Stimulira limfni &amp; \u017eiv\u010dni sistem<\/li>\n<li>Prepre\u010duje nastanek edemov na telesu<\/li>\n<li>Prepre\u010duje vra\u0161\u010dene dlake<\/li>\n<li>Ko\u017ea postane mehkej\u0161a, bolj \u010dvrsta, sijo\u010da in gladka<\/li>\n<li>Odpira pore<\/li>\n<li>Spro\u0161\u010da in izbolj\u0161uje dobro po\u010dutje<\/li>\n<\/ul>","protected":false},"excerpt":{"rendered":"<p>100% naravna lesena krta\u010da s snemljivim ro\u010dajem za intenzivno masa\u017eo telesa, ki krepi prekrvavitev in ustvari ne\u017een piling ko\u017ee.<\/p>\n<p>Zakaj suho krta\u010denje?<\/p>\n<ul>\n<li>Odstranjuje odmrlo ko\u017eo<\/li>\n<li>Ko\u017ea postane mehkej\u0161a, bolj \u010dvrsta, sijo\u010da in gladka<\/li>\n<li>Izbolj\u0161a cirkulacijo telesa<\/li>\n<\/ul>","protected":false},"featured_media":2620,"comment_status":"open","ping_status":"closed","template":"","meta":[],"product_cat":[20,18],"product_tag":[23,24],"class_list":{"0":"post-2618","1":"product","2":"type-product","3":"status-publish","4":"has-post-thumbnail","6":"product_cat-dodatno","7":"product_cat-trgovina","8":"product_tag-krtaca","9":"product_tag-suho-krtacenje","11":"first","12":"instock","13":"sale","14":"taxable","15":"shipping-taxable","16":"purchasable","17":"product-type-simple"},"acf":[],"yoast_head":"<!-- This site is optimized with the Yoast SEO plugin v23.3 - https:\/\/yoast.com\/wordpress\/plugins\/seo\/ -->\n<title>Krta\u010da za suho krta\u010denje telesa (snemljiv ro\u010daj) - MaderoKit<\/title>\n<meta name=\"robots\" content=\"index, follow, max-snippet:-1, max-image-preview:large, max-video-preview:-1\" \/>\n<link rel=\"canonical\" href=\"https:\/\/maderokit.com\/hr\/proizvod\/krtaca-za-suho-krtacenje-telesa\/\" \/>\n<meta property=\"og:locale\" content=\"hr_HR\" \/>\n<meta property=\"og:type\" content=\"article\" \/>\n<meta property=\"og:title\" content=\"Krta\u010da za suho krta\u010denje telesa (snemljiv ro\u010daj) - MaderoKit\" \/>\n<meta property=\"og:description\" content=\"100% naravna lesena krta\u010da s snemljivim ro\u010dajem za intenzivno masa\u017eo telesa, ki krepi prekrvavitev in ustvari ne\u017een piling ko\u017ee.  Zakaj suho krta\u010denje?   Odstranjuje odmrlo ko\u017eo  Ko\u017ea postane mehkej\u0161a, bolj \u010dvrsta, sijo\u010da in gladka  Izbolj\u0161a cirkulacijo telesa\" \/>\n<meta property=\"og:url\" content=\"https:\/\/maderokit.com\/hr\/proizvod\/krtaca-za-suho-krtacenje-telesa\/\" \/>\n<meta property=\"og:site_name\" content=\"MaderoKit\" \/>\n<meta property=\"article:publisher\" content=\"https:\/\/www.facebook.com\/maderokit\" \/>\n<meta property=\"article:modified_time\" content=\"2025-03-10T15:07:57+00:00\" \/>\n<meta property=\"og:image\" content=\"https:\/\/maderokit.com\/wp-content\/uploads\/2022\/02\/maderokit-krtaca-suho-krtacenje.png\" \/>\n\t<meta property=\"og:image:width\" content=\"840\" \/>\n\t<meta property=\"og:image:height\" content=\"840\" \/>\n\t<meta property=\"og:image:type\" content=\"image\/png\" \/>\n<meta name=\"twitter:card\" content=\"summary_large_image\" \/>\n<meta name=\"twitter:label1\" content=\"Procijenjeno vrijeme \u010ditanja\" \/>\n\t<meta name=\"twitter:data1\" content=\"3 minute\" \/>\n<script type=\"application\/ld+json\" class=\"yoast-schema-graph\">{\"@context\":\"https:\/\/schema.org\",\"@graph\":[{\"@type\":\"WebPage\",\"@id\":\"https:\/\/maderokit.com\/izdelek\/krtaca-za-suho-krtacenje-telesa\/\",\"url\":\"https:\/\/maderokit.com\/izdelek\/krtaca-za-suho-krtacenje-telesa\/\",\"name\":\"Krta\u010da za suho krta\u010denje telesa (snemljiv ro\u010daj) - MaderoKit\",\"isPartOf\":{\"@id\":\"https:\/\/maderokit.com\/#website\"},\"primaryImageOfPage\":{\"@id\":\"https:\/\/maderokit.com\/izdelek\/krtaca-za-suho-krtacenje-telesa\/#primaryimage\"},\"image\":{\"@id\":\"https:\/\/maderokit.com\/izdelek\/krtaca-za-suho-krtacenje-telesa\/#primaryimage\"},\"thumbnailUrl\":\"https:\/\/maderokit.com\/wp-content\/uploads\/2022\/02\/maderokit-krtaca-suho-krtacenje.png\",\"datePublished\":\"2022-02-25T22:14:51+00:00\",\"dateModified\":\"2025-03-10T15:07:57+00:00\",\"breadcrumb\":{\"@id\":\"https:\/\/maderokit.com\/izdelek\/krtaca-za-suho-krtacenje-telesa\/#breadcrumb\"},\"inLanguage\":\"hr\",\"potentialAction\":[{\"@type\":\"ReadAction\",\"target\":[\"https:\/\/maderokit.com\/izdelek\/krtaca-za-suho-krtacenje-telesa\/\"]}]},{\"@type\":\"ImageObject\",\"inLanguage\":\"hr\",\"@id\":\"https:\/\/maderokit.com\/izdelek\/krtaca-za-suho-krtacenje-telesa\/#primaryimage\",\"url\":\"https:\/\/maderokit.com\/wp-content\/uploads\/2022\/02\/maderokit-krtaca-suho-krtacenje.png\",\"contentUrl\":\"https:\/\/maderokit.com\/wp-content\/uploads\/2022\/02\/maderokit-krtaca-suho-krtacenje.png\",\"width\":840,\"height\":840},{\"@type\":\"BreadcrumbList\",\"@id\":\"https:\/\/maderokit.com\/izdelek\/krtaca-za-suho-krtacenje-telesa\/#breadcrumb\",\"itemListElement\":[{\"@type\":\"ListItem\",\"position\":1,\"name\":\"Home\",\"item\":\"https:\/\/maderokit.com\/\"},{\"@type\":\"ListItem\",\"position\":2,\"name\":\"Izdelki\",\"item\":\"https:\/\/maderokit.com\/shop\/\"},{\"@type\":\"ListItem\",\"position\":3,\"name\":\"Krta\u010da za suho krta\u010denje telesa (snemljiv ro\u010daj)\"}]},{\"@type\":\"WebSite\",\"@id\":\"https:\/\/maderokit.com\/#website\",\"url\":\"https:\/\/maderokit.com\/\",\"name\":\"MaderoKit\",\"description\":\"Maderoterapija kar od doma\",\"publisher\":{\"@id\":\"https:\/\/maderokit.com\/#organization\"},\"potentialAction\":[{\"@type\":\"SearchAction\",\"target\":{\"@type\":\"EntryPoint\",\"urlTemplate\":\"https:\/\/maderokit.com\/?s={search_term_string}\"},\"query-input\":\"required name=search_term_string\"}],\"inLanguage\":\"hr\"},{\"@type\":\"Organization\",\"@id\":\"https:\/\/maderokit.com\/#organization\",\"name\":\"KULER d.o.o.\",\"url\":\"https:\/\/maderokit.com\/\",\"logo\":{\"@type\":\"ImageObject\",\"inLanguage\":\"hr\",\"@id\":\"https:\/\/maderokit.com\/#\/schema\/logo\/image\/\",\"url\":\"https:\/\/maderokit.com\/wp-content\/uploads\/2021\/10\/maderokit-newv3logo.png\",\"contentUrl\":\"https:\/\/maderokit.com\/wp-content\/uploads\/2021\/10\/maderokit-newv3logo.png\",\"width\":168,\"height\":40,\"caption\":\"KULER d.o.o.\"},\"image\":{\"@id\":\"https:\/\/maderokit.com\/#\/schema\/logo\/image\/\"},\"sameAs\":[\"https:\/\/www.facebook.com\/maderokit\",\"https:\/\/www.instagram.com\/maderokit\/\"]}]}<\/script>\n<!-- \/ Yoast SEO plugin. -->","yoast_head_json":{"title":"Krta\u010da za suho krta\u010denje telesa (snemljiv ro\u010daj) - MaderoKit","robots":{"index":"index","follow":"follow","max-snippet":"max-snippet:-1","max-image-preview":"max-image-preview:large","max-video-preview":"max-video-preview:-1"},"canonical":"https:\/\/maderokit.com\/hr\/proizvod\/krtaca-za-suho-krtacenje-telesa\/","og_locale":"hr_HR","og_type":"article","og_title":"Krta\u010da za suho krta\u010denje telesa (snemljiv ro\u010daj) - MaderoKit","og_description":"100% naravna lesena krta\u010da s snemljivim ro\u010dajem za intenzivno masa\u017eo telesa, ki krepi prekrvavitev in ustvari ne\u017een piling ko\u017ee.  Zakaj suho krta\u010denje?   Odstranjuje odmrlo ko\u017eo  Ko\u017ea postane mehkej\u0161a, bolj \u010dvrsta, sijo\u010da in gladka  Izbolj\u0161a cirkulacijo telesa","og_url":"https:\/\/maderokit.com\/hr\/proizvod\/krtaca-za-suho-krtacenje-telesa\/","og_site_name":"MaderoKit","article_publisher":"https:\/\/www.facebook.com\/maderokit","article_modified_time":"2025-03-10T15:07:57+00:00","og_image":[{"width":840,"height":840,"url":"https:\/\/maderokit.com\/wp-content\/uploads\/2022\/02\/maderokit-krtaca-suho-krtacenje.png","type":"image\/png"}],"twitter_card":"summary_large_image","twitter_misc":{"Procijenjeno vrijeme \u010ditanja":"3 minute"},"schema":{"@context":"https:\/\/schema.org","@graph":[{"@type":"WebPage","@id":"https:\/\/maderokit.com\/izdelek\/krtaca-za-suho-krtacenje-telesa\/","url":"https:\/\/maderokit.com\/izdelek\/krtaca-za-suho-krtacenje-telesa\/","name":"Krta\u010da za suho krta\u010denje telesa (snemljiv ro\u010daj) - MaderoKit","isPartOf":{"@id":"https:\/\/maderokit.com\/#website"},"primaryImageOfPage":{"@id":"https:\/\/maderokit.com\/izdelek\/krtaca-za-suho-krtacenje-telesa\/#primaryimage"},"image":{"@id":"https:\/\/maderokit.com\/izdelek\/krtaca-za-suho-krtacenje-telesa\/#primaryimage"},"thumbnailUrl":"https:\/\/maderokit.com\/wp-content\/uploads\/2022\/02\/maderokit-krtaca-suho-krtacenje.png","datePublished":"2022-02-25T22:14:51+00:00","dateModified":"2025-03-10T15:07:57+00:00","breadcrumb":{"@id":"https:\/\/maderokit.com\/izdelek\/krtaca-za-suho-krtacenje-telesa\/#breadcrumb"},"inLanguage":"hr","potentialAction":[{"@type":"ReadAction","target":["https:\/\/maderokit.com\/izdelek\/krtaca-za-suho-krtacenje-telesa\/"]}]},{"@type":"ImageObject","inLanguage":"hr","@id":"https:\/\/maderokit.com\/izdelek\/krtaca-za-suho-krtacenje-telesa\/#primaryimage","url":"https:\/\/maderokit.com\/wp-content\/uploads\/2022\/02\/maderokit-krtaca-suho-krtacenje.png","contentUrl":"https:\/\/maderokit.com\/wp-content\/uploads\/2022\/02\/maderokit-krtaca-suho-krtacenje.png","width":840,"height":840},{"@type":"BreadcrumbList","@id":"https:\/\/maderokit.com\/izdelek\/krtaca-za-suho-krtacenje-telesa\/#breadcrumb","itemListElement":[{"@type":"ListItem","position":1,"name":"Home","item":"https:\/\/maderokit.com\/"},{"@type":"ListItem","position":2,"name":"Izdelki","item":"https:\/\/maderokit.com\/shop\/"},{"@type":"ListItem","position":3,"name":"Krta\u010da za suho krta\u010denje telesa (snemljiv ro\u010daj)"}]},{"@type":"WebSite","@id":"https:\/\/maderokit.com\/#website","url":"https:\/\/maderokit.com\/","name":"MaderoKit","description":"Maderoterapija kar od doma","publisher":{"@id":"https:\/\/maderokit.com\/#organization"},"potentialAction":[{"@type":"SearchAction","target":{"@type":"EntryPoint","urlTemplate":"https:\/\/maderokit.com\/?s={search_term_string}"},"query-input":"required name=search_term_string"}],"inLanguage":"hr"},{"@type":"Organization","@id":"https:\/\/maderokit.com\/#organization","name":"KULER d.o.o.","url":"https:\/\/maderokit.com\/","logo":{"@type":"ImageObject","inLanguage":"hr","@id":"https:\/\/maderokit.com\/#\/schema\/logo\/image\/","url":"https:\/\/maderokit.com\/wp-content\/uploads\/2021\/10\/maderokit-newv3logo.png","contentUrl":"https:\/\/maderokit.com\/wp-content\/uploads\/2021\/10\/maderokit-newv3logo.png","width":168,"height":40,"caption":"KULER d.o.o."},"image":{"@id":"https:\/\/maderokit.com\/#\/schema\/logo\/image\/"},"sameAs":["https:\/\/www.facebook.com\/maderokit","https:\/\/www.instagram.com\/maderokit\/"]}]}},"_links":{"self":[{"href":"https:\/\/maderokit.com\/hr\/wp-json\/wp\/v2\/product\/2618"}],"collection":[{"href":"https:\/\/maderokit.com\/hr\/wp-json\/wp\/v2\/product"}],"about":[{"href":"https:\/\/maderokit.com\/hr\/wp-json\/wp\/v2\/types\/product"}],"replies":[{"embeddable":true,"href":"https:\/\/maderokit.com\/hr\/wp-json\/wp\/v2\/comments?post=2618"}],"version-history":[{"count":3,"href":"https:\/\/maderokit.com\/hr\/wp-json\/wp\/v2\/product\/2618\/revisions"}],"predecessor-version":[{"id":4848,"href":"https:\/\/maderokit.com\/hr\/wp-json\/wp\/v2\/product\/2618\/revisions\/4848"}],"wp:featuredmedia":[{"embeddable":true,"href":"https:\/\/maderokit.com\/hr\/wp-json\/wp\/v2\/media\/2620"}],"wp:attachment":[{"href":"https:\/\/maderokit.com\/hr\/wp-json\/wp\/v2\/media?parent=2618"}],"wp:term":[{"taxonomy":"product_cat","embeddable":true,"href":"https:\/\/maderokit.com\/hr\/wp-json\/wp\/v2\/product_cat?post=2618"},{"taxonomy":"product_tag","embeddable":true,"href":"https:\/\/maderokit.com\/hr\/wp-json\/wp\/v2\/product_tag?post=2618"}],"curies":[{"name":"wp","href":"https:\/\/api.w.org\/{rel}","templated":true}]}}