{"id":987,"date":"2020-08-09T13:38:19","date_gmt":"2020-08-09T13:38:19","guid":{"rendered":"https:\/\/maderokit.com\/?post_type=product&#038;p=987"},"modified":"2025-03-10T15:21:34","modified_gmt":"2025-03-10T15:21:34","slug":"video-vaje","status":"publish","type":"product","link":"https:\/\/maderokit.com\/hr\/proizvod\/video-vaje\/","title":{"rendered":"MaderoKIT: Video upute"},"content":{"rendered":"<p>\u017de imate valj\u010dke in bi potrebovali le video vaje? MaderoKIT vam omogo\u010da zakup neomejenega dostopa do video vaj za uporabo pripomo\u010dkov za maderoterapijo.<\/p>\n<p>Z nakupom &#8220;MaderoKIT: Video vaje&#8221; boste prejeli kratka navodila o maderoterapiji, step-by-step video vodi\u010de kako izvajati samo-maderoterapijo za stegna, zadnjico, trebuh in roke.<\/p>\n<p>Do vmesnika dostopate iz katerekoli naprave preko spleta s prejetim uporabni\u0161kim imenom in geslom.<\/p>\n<p><strong>BONUS<\/strong>: Prejeli boste tudi priro\u010dnik (48 strani) priznanega slovenskega osebnega trenerja o prehrani in vadbi od doma.<\/p>","protected":false},"excerpt":{"rendered":"<p>Je samo-maderoterapija sploh zame? Ali bom znala? Brez skrbi, v na\u0161em video vmesniku vam prika\u017eemo korak-po-korak video navodila, kako u\u010dinkovito izvajati anticelulitno masa\u017eo s pomo\u010djo lesenih valj\u010dkov.<\/p>","protected":false},"featured_media":989,"comment_status":"open","ping_status":"closed","template":"","meta":[],"product_cat":[20,22,18],"product_tag":[],"class_list":{"0":"post-987","1":"product","2":"type-product","3":"status-publish","4":"has-post-thumbnail","6":"product_cat-dodatno","7":"product_cat-maderokit-sestava","8":"product_cat-trgovina","10":"first","11":"instock","12":"taxable","13":"shipping-taxable","14":"purchasable","15":"product-type-simple"},"acf":[],"yoast_head":"<!-- This site is optimized with the Yoast SEO plugin v23.3 - https:\/\/yoast.com\/wordpress\/plugins\/seo\/ -->\n<title>MaderoKIT: Video vaje - MaderoKit<\/title>\n<meta name=\"robots\" content=\"index, follow, max-snippet:-1, max-image-preview:large, max-video-preview:-1\" \/>\n<link rel=\"canonical\" href=\"https:\/\/maderokit.com\/hr\/proizvod\/video-vaje\/\" \/>\n<meta property=\"og:locale\" content=\"hr_HR\" \/>\n<meta property=\"og:type\" content=\"article\" \/>\n<meta property=\"og:title\" content=\"MaderoKIT: Video vaje - MaderoKit\" \/>\n<meta property=\"og:description\" content=\"Je samo-maderoterapija sploh zame? Ali bom znala? Brez skrbi, v na\u0161em video vmesniku vam prika\u017eemo korak-po-korak video navodila, kako u\u010dinkovito izvajati anticelulitno masa\u017eo s pomo\u010djo lesenih valj\u010dkov.\" \/>\n<meta property=\"og:url\" content=\"https:\/\/maderokit.com\/hr\/proizvod\/video-vaje\/\" \/>\n<meta property=\"og:site_name\" content=\"MaderoKit\" \/>\n<meta property=\"article:publisher\" content=\"https:\/\/www.facebook.com\/maderokit\" \/>\n<meta property=\"article:modified_time\" content=\"2025-03-10T15:21:34+00:00\" \/>\n<meta property=\"og:image\" content=\"https:\/\/maderokit.com\/wp-content\/uploads\/2020\/08\/maderovaje2.png\" \/>\n\t<meta property=\"og:image:width\" content=\"2560\" \/>\n\t<meta property=\"og:image:height\" content=\"1920\" \/>\n\t<meta property=\"og:image:type\" content=\"image\/png\" \/>\n<meta name=\"twitter:card\" content=\"summary_large_image\" \/>\n<meta name=\"twitter:label1\" content=\"Procijenjeno vrijeme \u010ditanja\" \/>\n\t<meta name=\"twitter:data1\" content=\"1 minuta\" \/>\n<script type=\"application\/ld+json\" class=\"yoast-schema-graph\">{\"@context\":\"https:\/\/schema.org\",\"@graph\":[{\"@type\":\"WebPage\",\"@id\":\"https:\/\/maderokit.com\/izdelek\/video-vaje\/\",\"url\":\"https:\/\/maderokit.com\/izdelek\/video-vaje\/\",\"name\":\"MaderoKIT: Video vaje - MaderoKit\",\"isPartOf\":{\"@id\":\"https:\/\/maderokit.com\/#website\"},\"primaryImageOfPage\":{\"@id\":\"https:\/\/maderokit.com\/izdelek\/video-vaje\/#primaryimage\"},\"image\":{\"@id\":\"https:\/\/maderokit.com\/izdelek\/video-vaje\/#primaryimage\"},\"thumbnailUrl\":\"https:\/\/maderokit.com\/wp-content\/uploads\/2020\/08\/maderovaje2.png\",\"datePublished\":\"2020-08-09T13:38:19+00:00\",\"dateModified\":\"2025-03-10T15:21:34+00:00\",\"breadcrumb\":{\"@id\":\"https:\/\/maderokit.com\/izdelek\/video-vaje\/#breadcrumb\"},\"inLanguage\":\"hr\",\"potentialAction\":[{\"@type\":\"ReadAction\",\"target\":[\"https:\/\/maderokit.com\/izdelek\/video-vaje\/\"]}]},{\"@type\":\"ImageObject\",\"inLanguage\":\"hr\",\"@id\":\"https:\/\/maderokit.com\/izdelek\/video-vaje\/#primaryimage\",\"url\":\"https:\/\/maderokit.com\/wp-content\/uploads\/2020\/08\/maderovaje2.png\",\"contentUrl\":\"https:\/\/maderokit.com\/wp-content\/uploads\/2020\/08\/maderovaje2.png\",\"width\":2560,\"height\":1920},{\"@type\":\"BreadcrumbList\",\"@id\":\"https:\/\/maderokit.com\/izdelek\/video-vaje\/#breadcrumb\",\"itemListElement\":[{\"@type\":\"ListItem\",\"position\":1,\"name\":\"Home\",\"item\":\"https:\/\/maderokit.com\/\"},{\"@type\":\"ListItem\",\"position\":2,\"name\":\"Izdelki\",\"item\":\"https:\/\/maderokit.com\/shop\/\"},{\"@type\":\"ListItem\",\"position\":3,\"name\":\"MaderoKIT: Video vaje\"}]},{\"@type\":\"WebSite\",\"@id\":\"https:\/\/maderokit.com\/#website\",\"url\":\"https:\/\/maderokit.com\/\",\"name\":\"MaderoKit\",\"description\":\"Maderoterapija kar od doma\",\"publisher\":{\"@id\":\"https:\/\/maderokit.com\/#organization\"},\"potentialAction\":[{\"@type\":\"SearchAction\",\"target\":{\"@type\":\"EntryPoint\",\"urlTemplate\":\"https:\/\/maderokit.com\/?s={search_term_string}\"},\"query-input\":\"required name=search_term_string\"}],\"inLanguage\":\"hr\"},{\"@type\":\"Organization\",\"@id\":\"https:\/\/maderokit.com\/#organization\",\"name\":\"KULER d.o.o.\",\"url\":\"https:\/\/maderokit.com\/\",\"logo\":{\"@type\":\"ImageObject\",\"inLanguage\":\"hr\",\"@id\":\"https:\/\/maderokit.com\/#\/schema\/logo\/image\/\",\"url\":\"https:\/\/maderokit.com\/wp-content\/uploads\/2021\/10\/maderokit-newv3logo.png\",\"contentUrl\":\"https:\/\/maderokit.com\/wp-content\/uploads\/2021\/10\/maderokit-newv3logo.png\",\"width\":168,\"height\":40,\"caption\":\"KULER d.o.o.\"},\"image\":{\"@id\":\"https:\/\/maderokit.com\/#\/schema\/logo\/image\/\"},\"sameAs\":[\"https:\/\/www.facebook.com\/maderokit\",\"https:\/\/www.instagram.com\/maderokit\/\"]}]}<\/script>\n<!-- \/ Yoast SEO plugin. -->","yoast_head_json":{"title":"MaderoKIT: Video vaje - MaderoKit","robots":{"index":"index","follow":"follow","max-snippet":"max-snippet:-1","max-image-preview":"max-image-preview:large","max-video-preview":"max-video-preview:-1"},"canonical":"https:\/\/maderokit.com\/hr\/proizvod\/video-vaje\/","og_locale":"hr_HR","og_type":"article","og_title":"MaderoKIT: Video vaje - MaderoKit","og_description":"Je samo-maderoterapija sploh zame? Ali bom znala? Brez skrbi, v na\u0161em video vmesniku vam prika\u017eemo korak-po-korak video navodila, kako u\u010dinkovito izvajati anticelulitno masa\u017eo s pomo\u010djo lesenih valj\u010dkov.","og_url":"https:\/\/maderokit.com\/hr\/proizvod\/video-vaje\/","og_site_name":"MaderoKit","article_publisher":"https:\/\/www.facebook.com\/maderokit","article_modified_time":"2025-03-10T15:21:34+00:00","og_image":[{"width":2560,"height":1920,"url":"https:\/\/maderokit.com\/wp-content\/uploads\/2020\/08\/maderovaje2.png","type":"image\/png"}],"twitter_card":"summary_large_image","twitter_misc":{"Procijenjeno vrijeme \u010ditanja":"1 minuta"},"schema":{"@context":"https:\/\/schema.org","@graph":[{"@type":"WebPage","@id":"https:\/\/maderokit.com\/izdelek\/video-vaje\/","url":"https:\/\/maderokit.com\/izdelek\/video-vaje\/","name":"MaderoKIT: Video vaje - MaderoKit","isPartOf":{"@id":"https:\/\/maderokit.com\/#website"},"primaryImageOfPage":{"@id":"https:\/\/maderokit.com\/izdelek\/video-vaje\/#primaryimage"},"image":{"@id":"https:\/\/maderokit.com\/izdelek\/video-vaje\/#primaryimage"},"thumbnailUrl":"https:\/\/maderokit.com\/wp-content\/uploads\/2020\/08\/maderovaje2.png","datePublished":"2020-08-09T13:38:19+00:00","dateModified":"2025-03-10T15:21:34+00:00","breadcrumb":{"@id":"https:\/\/maderokit.com\/izdelek\/video-vaje\/#breadcrumb"},"inLanguage":"hr","potentialAction":[{"@type":"ReadAction","target":["https:\/\/maderokit.com\/izdelek\/video-vaje\/"]}]},{"@type":"ImageObject","inLanguage":"hr","@id":"https:\/\/maderokit.com\/izdelek\/video-vaje\/#primaryimage","url":"https:\/\/maderokit.com\/wp-content\/uploads\/2020\/08\/maderovaje2.png","contentUrl":"https:\/\/maderokit.com\/wp-content\/uploads\/2020\/08\/maderovaje2.png","width":2560,"height":1920},{"@type":"BreadcrumbList","@id":"https:\/\/maderokit.com\/izdelek\/video-vaje\/#breadcrumb","itemListElement":[{"@type":"ListItem","position":1,"name":"Home","item":"https:\/\/maderokit.com\/"},{"@type":"ListItem","position":2,"name":"Izdelki","item":"https:\/\/maderokit.com\/shop\/"},{"@type":"ListItem","position":3,"name":"MaderoKIT: Video vaje"}]},{"@type":"WebSite","@id":"https:\/\/maderokit.com\/#website","url":"https:\/\/maderokit.com\/","name":"MaderoKit","description":"Maderoterapija kar od doma","publisher":{"@id":"https:\/\/maderokit.com\/#organization"},"potentialAction":[{"@type":"SearchAction","target":{"@type":"EntryPoint","urlTemplate":"https:\/\/maderokit.com\/?s={search_term_string}"},"query-input":"required name=search_term_string"}],"inLanguage":"hr"},{"@type":"Organization","@id":"https:\/\/maderokit.com\/#organization","name":"KULER d.o.o.","url":"https:\/\/maderokit.com\/","logo":{"@type":"ImageObject","inLanguage":"hr","@id":"https:\/\/maderokit.com\/#\/schema\/logo\/image\/","url":"https:\/\/maderokit.com\/wp-content\/uploads\/2021\/10\/maderokit-newv3logo.png","contentUrl":"https:\/\/maderokit.com\/wp-content\/uploads\/2021\/10\/maderokit-newv3logo.png","width":168,"height":40,"caption":"KULER d.o.o."},"image":{"@id":"https:\/\/maderokit.com\/#\/schema\/logo\/image\/"},"sameAs":["https:\/\/www.facebook.com\/maderokit","https:\/\/www.instagram.com\/maderokit\/"]}]}},"_links":{"self":[{"href":"https:\/\/maderokit.com\/hr\/wp-json\/wp\/v2\/product\/987"}],"collection":[{"href":"https:\/\/maderokit.com\/hr\/wp-json\/wp\/v2\/product"}],"about":[{"href":"https:\/\/maderokit.com\/hr\/wp-json\/wp\/v2\/types\/product"}],"replies":[{"embeddable":true,"href":"https:\/\/maderokit.com\/hr\/wp-json\/wp\/v2\/comments?post=987"}],"version-history":[{"count":2,"href":"https:\/\/maderokit.com\/hr\/wp-json\/wp\/v2\/product\/987\/revisions"}],"predecessor-version":[{"id":4853,"href":"https:\/\/maderokit.com\/hr\/wp-json\/wp\/v2\/product\/987\/revisions\/4853"}],"wp:featuredmedia":[{"embeddable":true,"href":"https:\/\/maderokit.com\/hr\/wp-json\/wp\/v2\/media\/989"}],"wp:attachment":[{"href":"https:\/\/maderokit.com\/hr\/wp-json\/wp\/v2\/media?parent=987"}],"wp:term":[{"taxonomy":"product_cat","embeddable":true,"href":"https:\/\/maderokit.com\/hr\/wp-json\/wp\/v2\/product_cat?post=987"},{"taxonomy":"product_tag","embeddable":true,"href":"https:\/\/maderokit.com\/hr\/wp-json\/wp\/v2\/product_tag?post=987"}],"curies":[{"name":"wp","href":"https:\/\/api.w.org\/{rel}","templated":true}]}}